{"id":1906,"date":"2020-12-07T15:08:44","date_gmt":"2020-12-07T15:08:44","guid":{"rendered":"https:\/\/www.atelierlune.it\/prodotto\/stella-di-bolzano-15x15\/"},"modified":"2022-09-15T19:06:07","modified_gmt":"2022-09-15T19:06:07","slug":"bozner-stern-15x15","status":"publish","type":"product","link":"https:\/\/www.atelierlune.it\/de\/prodotto\/bozner-stern-15x15\/","title":{"rendered":"Bozner Stern 15&#215;15"},"content":{"rendered":"<div id='gallery-1' class='gallery galleryid-1906 gallery-columns-7 gallery-size-medium'><figure class='gallery-item'>\n\t\t\t<div class='gallery-icon landscape'>\n\t\t\t\t<a href='https:\/\/www.atelierlune.it\/wp-content\/uploads\/2020\/12\/stelladibolzano011.jpg'><img decoding=\"async\" width=\"300\" height=\"223\" src=\"https:\/\/www.atelierlune.it\/wp-content\/uploads\/2020\/12\/stelladibolzano011-300x223.jpg\" class=\"attachment-medium size-medium\" alt=\"\" srcset=\"https:\/\/www.atelierlune.it\/wp-content\/uploads\/2020\/12\/stelladibolzano011-300x223.jpg 300w, https:\/\/www.atelierlune.it\/wp-content\/uploads\/2020\/12\/stelladibolzano011-510x380.jpg 510w, https:\/\/www.atelierlune.it\/wp-content\/uploads\/2020\/12\/stelladibolzano011-1024x762.jpg 1024w, https:\/\/www.atelierlune.it\/wp-content\/uploads\/2020\/12\/stelladibolzano011-768x572.jpg 768w, https:\/\/www.atelierlune.it\/wp-content\/uploads\/2020\/12\/stelladibolzano011-16x12.jpg 16w, https:\/\/www.atelierlune.it\/wp-content\/uploads\/2020\/12\/stelladibolzano011.jpg 1343w\" sizes=\"(max-width: 300px) 100vw, 300px\" \/><\/a>\n\t\t\t<\/div><\/figure><figure class='gallery-item'>\n\t\t\t<div class='gallery-icon portrait'>\n\t\t\t\t<a href='https:\/\/www.atelierlune.it\/wp-content\/uploads\/2020\/12\/stelladibolzano726.jpg'><img decoding=\"async\" width=\"223\" height=\"300\" src=\"https:\/\/www.atelierlune.it\/wp-content\/uploads\/2020\/12\/stelladibolzano726-223x300.jpg\" class=\"attachment-medium size-medium\" alt=\"\" srcset=\"https:\/\/www.atelierlune.it\/wp-content\/uploads\/2020\/12\/stelladibolzano726-223x300.jpg 223w, https:\/\/www.atelierlune.it\/wp-content\/uploads\/2020\/12\/stelladibolzano726-510x685.jpg 510w, https:\/\/www.atelierlune.it\/wp-content\/uploads\/2020\/12\/stelladibolzano726-762x1024.jpg 762w, https:\/\/www.atelierlune.it\/wp-content\/uploads\/2020\/12\/stelladibolzano726-768x1031.jpg 768w, https:\/\/www.atelierlune.it\/wp-content\/uploads\/2020\/12\/stelladibolzano726-9x12.jpg 9w, https:\/\/www.atelierlune.it\/wp-content\/uploads\/2020\/12\/stelladibolzano726.jpg 1000w\" sizes=\"(max-width: 223px) 100vw, 223px\" \/><\/a>\n\t\t\t<\/div><\/figure><figure class='gallery-item'>\n\t\t\t<div class='gallery-icon portrait'>\n\t\t\t\t<a href='https:\/\/www.atelierlune.it\/wp-content\/uploads\/2020\/12\/Testo-Stella-italiano.jpg'><img decoding=\"async\" width=\"225\" height=\"300\" src=\"https:\/\/www.atelierlune.it\/wp-content\/uploads\/2020\/12\/Testo-Stella-italiano-225x300.jpg\" class=\"attachment-medium size-medium\" alt=\"\" srcset=\"https:\/\/www.atelierlune.it\/wp-content\/uploads\/2020\/12\/Testo-Stella-italiano-225x300.jpg 225w, https:\/\/www.atelierlune.it\/wp-content\/uploads\/2020\/12\/Testo-Stella-italiano-510x680.jpg 510w, https:\/\/www.atelierlune.it\/wp-content\/uploads\/2020\/12\/Testo-Stella-italiano-768x1024.jpg 768w, https:\/\/www.atelierlune.it\/wp-content\/uploads\/2020\/12\/Testo-Stella-italiano.jpg 1125w\" sizes=\"(max-width: 225px) 100vw, 225px\" \/><\/a>\n\t\t\t<\/div><\/figure><figure class='gallery-item'>\n\t\t\t<div class='gallery-icon portrait'>\n\t\t\t\t<a href='https:\/\/www.atelierlune.it\/wp-content\/uploads\/2020\/12\/stelladibolzano0.jpg'><img decoding=\"async\" width=\"223\" height=\"300\" src=\"https:\/\/www.atelierlune.it\/wp-content\/uploads\/2020\/12\/stelladibolzano0-223x300.jpg\" class=\"attachment-medium size-medium\" alt=\"\" srcset=\"https:\/\/www.atelierlune.it\/wp-content\/uploads\/2020\/12\/stelladibolzano0-223x300.jpg 223w, https:\/\/www.atelierlune.it\/wp-content\/uploads\/2020\/12\/stelladibolzano0-510x685.jpg 510w, https:\/\/www.atelierlune.it\/wp-content\/uploads\/2020\/12\/stelladibolzano0-762x1024.jpg 762w, https:\/\/www.atelierlune.it\/wp-content\/uploads\/2020\/12\/stelladibolzano0-768x1031.jpg 768w, https:\/\/www.atelierlune.it\/wp-content\/uploads\/2020\/12\/stelladibolzano0-9x12.jpg 9w, https:\/\/www.atelierlune.it\/wp-content\/uploads\/2020\/12\/stelladibolzano0.jpg 1000w\" sizes=\"(max-width: 223px) 100vw, 223px\" \/><\/a>\n\t\t\t<\/div><\/figure><figure class='gallery-item'>\n\t\t\t<div class='gallery-icon portrait'>\n\t\t\t\t<a href='https:\/\/www.atelierlune.it\/wp-content\/uploads\/2020\/12\/stelladibolzano5726.jpg'><img decoding=\"async\" width=\"223\" height=\"300\" src=\"https:\/\/www.atelierlune.it\/wp-content\/uploads\/2020\/12\/stelladibolzano5726-223x300.jpg\" class=\"attachment-medium size-medium\" alt=\"\" srcset=\"https:\/\/www.atelierlune.it\/wp-content\/uploads\/2020\/12\/stelladibolzano5726-223x300.jpg 223w, https:\/\/www.atelierlune.it\/wp-content\/uploads\/2020\/12\/stelladibolzano5726-510x685.jpg 510w, https:\/\/www.atelierlune.it\/wp-content\/uploads\/2020\/12\/stelladibolzano5726-762x1024.jpg 762w, https:\/\/www.atelierlune.it\/wp-content\/uploads\/2020\/12\/stelladibolzano5726-768x1031.jpg 768w, https:\/\/www.atelierlune.it\/wp-content\/uploads\/2020\/12\/stelladibolzano5726-9x12.jpg 9w, https:\/\/www.atelierlune.it\/wp-content\/uploads\/2020\/12\/stelladibolzano5726.jpg 1000w\" sizes=\"(max-width: 223px) 100vw, 223px\" \/><\/a>\n\t\t\t<\/div><\/figure><figure class='gallery-item'>\n\t\t\t<div class='gallery-icon portrait'>\n\t\t\t\t<a href='https:\/\/www.atelierlune.it\/wp-content\/uploads\/2020\/12\/stelladibolzano7332.jpg'><img decoding=\"async\" width=\"223\" height=\"300\" src=\"https:\/\/www.atelierlune.it\/wp-content\/uploads\/2020\/12\/stelladibolzano7332-223x300.jpg\" class=\"attachment-medium size-medium\" alt=\"\" srcset=\"https:\/\/www.atelierlune.it\/wp-content\/uploads\/2020\/12\/stelladibolzano7332-223x300.jpg 223w, https:\/\/www.atelierlune.it\/wp-content\/uploads\/2020\/12\/stelladibolzano7332-510x685.jpg 510w, https:\/\/www.atelierlune.it\/wp-content\/uploads\/2020\/12\/stelladibolzano7332-762x1024.jpg 762w, https:\/\/www.atelierlune.it\/wp-content\/uploads\/2020\/12\/stelladibolzano7332-768x1031.jpg 768w, https:\/\/www.atelierlune.it\/wp-content\/uploads\/2020\/12\/stelladibolzano7332-9x12.jpg 9w, https:\/\/www.atelierlune.it\/wp-content\/uploads\/2020\/12\/stelladibolzano7332.jpg 1000w\" sizes=\"(max-width: 223px) 100vw, 223px\" \/><\/a>\n\t\t\t<\/div><\/figure><figure class='gallery-item'>\n\t\t\t<div class='gallery-icon landscape'>\n\t\t\t\t<a href='https:\/\/www.atelierlune.it\/wp-content\/uploads\/2020\/12\/stelladibolzano2275.jpg'><img decoding=\"async\" width=\"300\" height=\"223\" src=\"https:\/\/www.atelierlune.it\/wp-content\/uploads\/2020\/12\/stelladibolzano2275-300x223.jpg\" class=\"attachment-medium size-medium\" alt=\"\" srcset=\"https:\/\/www.atelierlune.it\/wp-content\/uploads\/2020\/12\/stelladibolzano2275-300x223.jpg 300w, https:\/\/www.atelierlune.it\/wp-content\/uploads\/2020\/12\/stelladibolzano2275-510x380.jpg 510w, https:\/\/www.atelierlune.it\/wp-content\/uploads\/2020\/12\/stelladibolzano2275-1024x762.jpg 1024w, https:\/\/www.atelierlune.it\/wp-content\/uploads\/2020\/12\/stelladibolzano2275-768x572.jpg 768w, https:\/\/www.atelierlune.it\/wp-content\/uploads\/2020\/12\/stelladibolzano2275-16x12.jpg 16w, https:\/\/www.atelierlune.it\/wp-content\/uploads\/2020\/12\/stelladibolzano2275.jpg 1343w\" sizes=\"(max-width: 300px) 100vw, 300px\" \/><\/a>\n\t\t\t<\/div><\/figure>\n\t\t<\/div>\n\n","protected":false},"excerpt":{"rendered":"<p><strong>Stern in Fusingtechnik mit 18-Karat-Gold bemaltem Glassteinchen.<\/strong><\/p>\n<p>Das Symbol des Sterns mit sechs Spitzen erscheint seit f\u00fcnf Jahrhunderten im Stadtwappen von Bozen. Schon seit der Antike hat es Gl\u00fcck w\u00fcnschende Bedeutung: \u201eunter einem guten Stern geboren sein\u201c. Der Stern ist Symbol f\u00fcr Perfektion, Einheit und Gl\u00fcck. Er leuchtet, vermittelt Wahrheit und neuesLeben. Auf jedem Stern kann Name, Datum und eine besondere Widmung Freihand graviert werden.Die Sandstrahlbearbeitung unserer Kreationen ist reine Handwerkskunst. Die durchgehend leichten Abweichungen im Design machen aus jedem St\u00fcck ein Unikat.<\/p>\n<p><span style=\"color: #692073;\">Sie erhalten \u2013 ohne Zusatzkosten \u2013 jedes St\u00fcck in einer elegantenLUNE-Geschenkkonfektion, die zudem nachhaltig undumweltfreundlich ist.<\/span><\/p>\n<p><a href=\"https:\/\/www.atelierlune.it\/de\/personalisierte-gravuren\/\"><img decoding=\"async\" class=\"alignnone wp-image-1561\" src=\"https:\/\/www.atelierlune.it\/wp-content\/uploads\/2020\/12\/Pulsante-atelier-lune.png\" alt=\"\" width=\"120\" height=\"123\" \/><\/a><\/p>\n<p>Achtung: wenn Sie verschiedene St\u00fccke vom gleichen Artikel gravieren wollen, m\u00fcssen Sie diese getrennt inden Einkaufswagen stellen.<\/p>\n","protected":false},"featured_media":1896,"comment_status":"closed","ping_status":"closed","template":"","meta":{"om_disable_all_campaigns":false,"_monsterinsights_skip_tracking":false,"_monsterinsights_sitenote_active":false,"_monsterinsights_sitenote_note":"","_monsterinsights_sitenote_category":0},"product_brand":[],"product_cat":[42,20,41,39],"product_tag":[],"class_list":{"0":"post-1906","1":"product","2":"type-product","3":"status-publish","4":"has-post-thumbnail","6":"product_cat-objects-de","7":"product_cat-objects","8":"product_cat-senza-categoria-de","9":"product_cat-weihnachtsschmuck-und-dekorationen-aus-glas","11":"first","12":"instock","13":"purchasable","14":"product-type-simple"},"aioseo_notices":[],"_links":{"self":[{"href":"https:\/\/www.atelierlune.it\/de\/wp-json\/wp\/v2\/product\/1906","targetHints":{"allow":["GET"]}}],"collection":[{"href":"https:\/\/www.atelierlune.it\/de\/wp-json\/wp\/v2\/product"}],"about":[{"href":"https:\/\/www.atelierlune.it\/de\/wp-json\/wp\/v2\/types\/product"}],"replies":[{"embeddable":true,"href":"https:\/\/www.atelierlune.it\/de\/wp-json\/wp\/v2\/comments?post=1906"}],"wp:featuredmedia":[{"embeddable":true,"href":"https:\/\/www.atelierlune.it\/de\/wp-json\/wp\/v2\/media\/1896"}],"wp:attachment":[{"href":"https:\/\/www.atelierlune.it\/de\/wp-json\/wp\/v2\/media?parent=1906"}],"wp:term":[{"taxonomy":"product_brand","embeddable":true,"href":"https:\/\/www.atelierlune.it\/de\/wp-json\/wp\/v2\/product_brand?post=1906"},{"taxonomy":"product_cat","embeddable":true,"href":"https:\/\/www.atelierlune.it\/de\/wp-json\/wp\/v2\/product_cat?post=1906"},{"taxonomy":"product_tag","embeddable":true,"href":"https:\/\/www.atelierlune.it\/de\/wp-json\/wp\/v2\/product_tag?post=1906"}],"curies":[{"name":"wp","href":"https:\/\/api.w.org\/{rel}","templated":true}]}}