{"id":1897,"date":"2020-12-06T17:24:04","date_gmt":"2020-12-06T17:24:04","guid":{"rendered":"https:\/\/www.atelierlune.it\/prodotto\/infinitum\/"},"modified":"2020-12-13T19:11:52","modified_gmt":"2020-12-13T19:11:52","slug":"infinitum","status":"publish","type":"product","link":"https:\/\/www.atelierlune.it\/de\/prodotto\/infinitum\/","title":{"rendered":"Infinitum"},"content":{"rendered":"<div id='gallery-1' class='gallery galleryid-1897 gallery-columns-5 gallery-size-medium'><figure class='gallery-item'>\n\t\t\t<div class='gallery-icon portrait'>\n\t\t\t\t<a href='https:\/\/www.atelierlune.it\/wp-content\/uploads\/2020\/12\/infinitum5793.jpg'><img decoding=\"async\" width=\"223\" height=\"300\" src=\"https:\/\/www.atelierlune.it\/wp-content\/uploads\/2020\/12\/infinitum5793-223x300.jpg\" class=\"attachment-medium size-medium\" alt=\"\" srcset=\"https:\/\/www.atelierlune.it\/wp-content\/uploads\/2020\/12\/infinitum5793-223x300.jpg 223w, https:\/\/www.atelierlune.it\/wp-content\/uploads\/2020\/12\/infinitum5793-510x685.jpg 510w, https:\/\/www.atelierlune.it\/wp-content\/uploads\/2020\/12\/infinitum5793-762x1024.jpg 762w, https:\/\/www.atelierlune.it\/wp-content\/uploads\/2020\/12\/infinitum5793-768x1031.jpg 768w, https:\/\/www.atelierlune.it\/wp-content\/uploads\/2020\/12\/infinitum5793-9x12.jpg 9w, https:\/\/www.atelierlune.it\/wp-content\/uploads\/2020\/12\/infinitum5793.jpg 1000w\" sizes=\"(max-width: 223px) 100vw, 223px\" \/><\/a>\n\t\t\t<\/div><\/figure><figure class='gallery-item'>\n\t\t\t<div class='gallery-icon portrait'>\n\t\t\t\t<a href='https:\/\/www.atelierlune.it\/wp-content\/uploads\/2020\/12\/infinitum-incisione.jpg'><img decoding=\"async\" width=\"223\" height=\"300\" src=\"https:\/\/www.atelierlune.it\/wp-content\/uploads\/2020\/12\/infinitum-incisione-223x300.jpg\" class=\"attachment-medium size-medium\" alt=\"\" srcset=\"https:\/\/www.atelierlune.it\/wp-content\/uploads\/2020\/12\/infinitum-incisione-223x300.jpg 223w, https:\/\/www.atelierlune.it\/wp-content\/uploads\/2020\/12\/infinitum-incisione-510x685.jpg 510w, https:\/\/www.atelierlune.it\/wp-content\/uploads\/2020\/12\/infinitum-incisione-762x1024.jpg 762w, https:\/\/www.atelierlune.it\/wp-content\/uploads\/2020\/12\/infinitum-incisione-768x1031.jpg 768w, https:\/\/www.atelierlune.it\/wp-content\/uploads\/2020\/12\/infinitum-incisione-9x12.jpg 9w, https:\/\/www.atelierlune.it\/wp-content\/uploads\/2020\/12\/infinitum-incisione.jpg 1000w\" sizes=\"(max-width: 223px) 100vw, 223px\" \/><\/a>\n\t\t\t<\/div><\/figure><figure class='gallery-item'>\n\t\t\t<div class='gallery-icon portrait'>\n\t\t\t\t<a href='https:\/\/www.atelierlune.it\/wp-content\/uploads\/2020\/12\/infinitum-dettaglio5788.jpg'><img decoding=\"async\" width=\"223\" height=\"300\" src=\"https:\/\/www.atelierlune.it\/wp-content\/uploads\/2020\/12\/infinitum-dettaglio5788-223x300.jpg\" class=\"attachment-medium size-medium\" alt=\"\" srcset=\"https:\/\/www.atelierlune.it\/wp-content\/uploads\/2020\/12\/infinitum-dettaglio5788-223x300.jpg 223w, https:\/\/www.atelierlune.it\/wp-content\/uploads\/2020\/12\/infinitum-dettaglio5788-510x685.jpg 510w, https:\/\/www.atelierlune.it\/wp-content\/uploads\/2020\/12\/infinitum-dettaglio5788-762x1024.jpg 762w, https:\/\/www.atelierlune.it\/wp-content\/uploads\/2020\/12\/infinitum-dettaglio5788-768x1031.jpg 768w, https:\/\/www.atelierlune.it\/wp-content\/uploads\/2020\/12\/infinitum-dettaglio5788-9x12.jpg 9w, https:\/\/www.atelierlune.it\/wp-content\/uploads\/2020\/12\/infinitum-dettaglio5788.jpg 1000w\" sizes=\"(max-width: 223px) 100vw, 223px\" \/><\/a>\n\t\t\t<\/div><\/figure><figure class='gallery-item'>\n\t\t\t<div class='gallery-icon portrait'>\n\t\t\t\t<a href='https:\/\/www.atelierlune.it\/wp-content\/uploads\/2020\/12\/cornoster7678.jpg'><img decoding=\"async\" width=\"223\" height=\"300\" src=\"https:\/\/www.atelierlune.it\/wp-content\/uploads\/2020\/12\/cornoster7678-223x300.jpg\" class=\"attachment-medium size-medium\" alt=\"\" srcset=\"https:\/\/www.atelierlune.it\/wp-content\/uploads\/2020\/12\/cornoster7678-223x300.jpg 223w, https:\/\/www.atelierlune.it\/wp-content\/uploads\/2020\/12\/cornoster7678-510x685.jpg 510w, https:\/\/www.atelierlune.it\/wp-content\/uploads\/2020\/12\/cornoster7678-762x1024.jpg 762w, https:\/\/www.atelierlune.it\/wp-content\/uploads\/2020\/12\/cornoster7678-768x1031.jpg 768w, https:\/\/www.atelierlune.it\/wp-content\/uploads\/2020\/12\/cornoster7678-9x12.jpg 9w, https:\/\/www.atelierlune.it\/wp-content\/uploads\/2020\/12\/cornoster7678.jpg 1000w\" sizes=\"(max-width: 223px) 100vw, 223px\" \/><\/a>\n\t\t\t<\/div><\/figure><figure class='gallery-item'>\n\t\t\t<div class='gallery-icon landscape'>\n\t\t\t\t<a href='https:\/\/www.atelierlune.it\/wp-content\/uploads\/2020\/12\/infinitum7682.jpg'><img decoding=\"async\" width=\"300\" height=\"223\" src=\"https:\/\/www.atelierlune.it\/wp-content\/uploads\/2020\/12\/infinitum7682-300x223.jpg\" class=\"attachment-medium size-medium\" alt=\"\" srcset=\"https:\/\/www.atelierlune.it\/wp-content\/uploads\/2020\/12\/infinitum7682-300x223.jpg 300w, https:\/\/www.atelierlune.it\/wp-content\/uploads\/2020\/12\/infinitum7682-510x380.jpg 510w, https:\/\/www.atelierlune.it\/wp-content\/uploads\/2020\/12\/infinitum7682-1024x762.jpg 1024w, https:\/\/www.atelierlune.it\/wp-content\/uploads\/2020\/12\/infinitum7682-768x572.jpg 768w, https:\/\/www.atelierlune.it\/wp-content\/uploads\/2020\/12\/infinitum7682-16x12.jpg 16w, https:\/\/www.atelierlune.it\/wp-content\/uploads\/2020\/12\/infinitum7682.jpg 1343w\" sizes=\"(max-width: 300px) 100vw, 300px\" \/><\/a>\n\t\t\t<\/div><\/figure>\n\t\t<\/div>\n\n","protected":false},"excerpt":{"rendered":"<p><span style=\"color: #000000;\"><span style=\"font-family: Calibri Light, serif;\"><span style=\"font-size: medium;\"><span lang=\"de-DE\"><b>Kunsthandwerkliche Sandstrahlbearbeitung in Spiralform mit schwarzen und goldfarbenen<\/b><\/span><\/span><\/span> <span style=\"font-family: Calibri Light, serif;\"><span style=\"font-size: medium;\"><span lang=\"de-DE\"><b>Fusingapplikationen<\/b><\/span><\/span><\/span><\/span><\/p>\n<p><span style=\"color: #000000;\"><span style=\"font-family: Calibri Light, serif;\"><span style=\"font-size: medium;\"><span lang=\"de-DE\">Wanduhr\/-spiegel, individuell gestaltbar, in spielerisch-eleganter Ausf\u00fchrung, mit Sandstrahlbearbeitung in Form einer Spirale, dem archaischen Symbol f\u00fcr etwas Unendliches, f\u00fcr Kontinuit\u00e4t im Lebenskreislauf und f\u00fcr Wiedergeburt. Die mit Fusingtechnik applizierten Glasst\u00fcckchen unterst\u00fctzen das Ablesen der Uhrzeit und sind gleichzeitig bestimmende Details des raffinierten Designs. Ein Einrichtungselement, das sich f\u00fcr das klassische ebenso wie f\u00fcr das moderne Wohnambiente bestens eignet. Auf jeder Uhr kann Name, Datum und eine pers\u00f6nliche Widmung Freihand graviert werden.<br \/>\nDie Sandstrahlbearbeitung unserer Kreationen ist reine Handwerkskunst.<br \/>\nDie durchgehend leichten Abweichungen im Design machen aus jedem St\u00fcck ein Unikat.<\/span><\/span><\/span><\/span><\/p>\n<p><span style=\"color: #692073;\"><span style=\"font-family: Calibri Light, serif;\"><span style=\"font-size: medium;\"><span lang=\"de-DE\">Sie erhalten \u2013 ohne Zusatzkosten \u2013 jedes St\u00fcck in einer eleganten LUNE-Geschenkkonfektion, die zudem nachhaltig und umweltfreundlich ist.<\/span><\/span><\/span><\/span><\/p>\n<p><a href=\"https:\/\/www.atelierlune.it\/de\/personalisierte-gravuren\/\"><img decoding=\"async\" class=\"alignnone wp-image-1561\" src=\"https:\/\/www.atelierlune.it\/wp-content\/uploads\/2020\/12\/Pulsante-atelier-lune.png\" alt=\"\" width=\"120\" height=\"123\" \/><\/a><\/p>\n<p>Achtung: wenn Sie verschiedene St\u00fccke vom gleichen Artikel gravieren wollen, m\u00fcssen Sie diese getrennt in den Einkaufswagen stellen.<\/p>\n","protected":false},"featured_media":1898,"comment_status":"closed","ping_status":"closed","template":"","meta":{"om_disable_all_campaigns":false,"_monsterinsights_skip_tracking":false,"_monsterinsights_sitenote_active":false,"_monsterinsights_sitenote_note":"","_monsterinsights_sitenote_category":0},"product_brand":[],"product_cat":[37],"product_tag":[],"class_list":{"0":"post-1897","1":"product","2":"type-product","3":"status-publish","4":"has-post-thumbnail","6":"product_cat-uhren","8":"first","9":"instock","10":"purchasable","11":"product-type-simple"},"aioseo_notices":[],"_links":{"self":[{"href":"https:\/\/www.atelierlune.it\/de\/wp-json\/wp\/v2\/product\/1897","targetHints":{"allow":["GET"]}}],"collection":[{"href":"https:\/\/www.atelierlune.it\/de\/wp-json\/wp\/v2\/product"}],"about":[{"href":"https:\/\/www.atelierlune.it\/de\/wp-json\/wp\/v2\/types\/product"}],"replies":[{"embeddable":true,"href":"https:\/\/www.atelierlune.it\/de\/wp-json\/wp\/v2\/comments?post=1897"}],"wp:featuredmedia":[{"embeddable":true,"href":"https:\/\/www.atelierlune.it\/de\/wp-json\/wp\/v2\/media\/1898"}],"wp:attachment":[{"href":"https:\/\/www.atelierlune.it\/de\/wp-json\/wp\/v2\/media?parent=1897"}],"wp:term":[{"taxonomy":"product_brand","embeddable":true,"href":"https:\/\/www.atelierlune.it\/de\/wp-json\/wp\/v2\/product_brand?post=1897"},{"taxonomy":"product_cat","embeddable":true,"href":"https:\/\/www.atelierlune.it\/de\/wp-json\/wp\/v2\/product_cat?post=1897"},{"taxonomy":"product_tag","embeddable":true,"href":"https:\/\/www.atelierlune.it\/de\/wp-json\/wp\/v2\/product_tag?post=1897"}],"curies":[{"name":"wp","href":"https:\/\/api.w.org\/{rel}","templated":true}]}}