{"id":1868,"date":"2020-12-03T13:56:27","date_gmt":"2020-12-03T13:56:27","guid":{"rendered":"https:\/\/www.atelierlune.it\/prodotto\/noigolosi\/"},"modified":"2020-12-13T19:39:41","modified_gmt":"2020-12-13T19:39:41","slug":"noigolosi","status":"publish","type":"product","link":"https:\/\/www.atelierlune.it\/de\/prodotto\/noigolosi\/","title":{"rendered":"NoiGolosi"},"content":{"rendered":"<div id='gallery-1' class='gallery galleryid-1868 gallery-columns-5 gallery-size-medium'><figure class='gallery-item'>\n\t\t\t<div class='gallery-icon portrait'>\n\t\t\t\t<a href='https:\/\/www.atelierlune.it\/wp-content\/uploads\/2020\/12\/noigolosi5739.jpg'><img decoding=\"async\" width=\"223\" height=\"300\" src=\"https:\/\/www.atelierlune.it\/wp-content\/uploads\/2020\/12\/noigolosi5739-223x300.jpg\" class=\"attachment-medium size-medium\" alt=\"\" srcset=\"https:\/\/www.atelierlune.it\/wp-content\/uploads\/2020\/12\/noigolosi5739-223x300.jpg 223w, https:\/\/www.atelierlune.it\/wp-content\/uploads\/2020\/12\/noigolosi5739-510x685.jpg 510w, https:\/\/www.atelierlune.it\/wp-content\/uploads\/2020\/12\/noigolosi5739-762x1024.jpg 762w, https:\/\/www.atelierlune.it\/wp-content\/uploads\/2020\/12\/noigolosi5739-768x1031.jpg 768w, https:\/\/www.atelierlune.it\/wp-content\/uploads\/2020\/12\/noigolosi5739-9x12.jpg 9w, https:\/\/www.atelierlune.it\/wp-content\/uploads\/2020\/12\/noigolosi5739.jpg 1000w\" sizes=\"(max-width: 223px) 100vw, 223px\" \/><\/a>\n\t\t\t<\/div><\/figure><figure class='gallery-item'>\n\t\t\t<div class='gallery-icon portrait'>\n\t\t\t\t<a href='https:\/\/www.atelierlune.it\/wp-content\/uploads\/2020\/12\/noigolosi-incisione.jpg'><img decoding=\"async\" width=\"223\" height=\"300\" src=\"https:\/\/www.atelierlune.it\/wp-content\/uploads\/2020\/12\/noigolosi-incisione-223x300.jpg\" class=\"attachment-medium size-medium\" alt=\"\" srcset=\"https:\/\/www.atelierlune.it\/wp-content\/uploads\/2020\/12\/noigolosi-incisione-223x300.jpg 223w, https:\/\/www.atelierlune.it\/wp-content\/uploads\/2020\/12\/noigolosi-incisione-510x685.jpg 510w, https:\/\/www.atelierlune.it\/wp-content\/uploads\/2020\/12\/noigolosi-incisione-762x1024.jpg 762w, https:\/\/www.atelierlune.it\/wp-content\/uploads\/2020\/12\/noigolosi-incisione-768x1031.jpg 768w, https:\/\/www.atelierlune.it\/wp-content\/uploads\/2020\/12\/noigolosi-incisione-9x12.jpg 9w, https:\/\/www.atelierlune.it\/wp-content\/uploads\/2020\/12\/noigolosi-incisione.jpg 1000w\" sizes=\"(max-width: 223px) 100vw, 223px\" \/><\/a>\n\t\t\t<\/div><\/figure><figure class='gallery-item'>\n\t\t\t<div class='gallery-icon portrait'>\n\t\t\t\t<a href='https:\/\/www.atelierlune.it\/wp-content\/uploads\/2020\/12\/spiritogiocoso7252.jpg'><img decoding=\"async\" width=\"223\" height=\"300\" src=\"https:\/\/www.atelierlune.it\/wp-content\/uploads\/2020\/12\/spiritogiocoso7252-223x300.jpg\" class=\"attachment-medium size-medium\" alt=\"\" srcset=\"https:\/\/www.atelierlune.it\/wp-content\/uploads\/2020\/12\/spiritogiocoso7252-223x300.jpg 223w, https:\/\/www.atelierlune.it\/wp-content\/uploads\/2020\/12\/spiritogiocoso7252-510x685.jpg 510w, https:\/\/www.atelierlune.it\/wp-content\/uploads\/2020\/12\/spiritogiocoso7252-762x1024.jpg 762w, https:\/\/www.atelierlune.it\/wp-content\/uploads\/2020\/12\/spiritogiocoso7252-768x1031.jpg 768w, https:\/\/www.atelierlune.it\/wp-content\/uploads\/2020\/12\/spiritogiocoso7252-9x12.jpg 9w, https:\/\/www.atelierlune.it\/wp-content\/uploads\/2020\/12\/spiritogiocoso7252.jpg 1000w\" sizes=\"(max-width: 223px) 100vw, 223px\" \/><\/a>\n\t\t\t<\/div><\/figure><figure class='gallery-item'>\n\t\t\t<div class='gallery-icon portrait'>\n\t\t\t\t<a href='https:\/\/www.atelierlune.it\/wp-content\/uploads\/2020\/12\/noigolosi7637.jpg'><img decoding=\"async\" width=\"223\" height=\"300\" src=\"https:\/\/www.atelierlune.it\/wp-content\/uploads\/2020\/12\/noigolosi7637-223x300.jpg\" class=\"attachment-medium size-medium\" alt=\"\" srcset=\"https:\/\/www.atelierlune.it\/wp-content\/uploads\/2020\/12\/noigolosi7637-223x300.jpg 223w, https:\/\/www.atelierlune.it\/wp-content\/uploads\/2020\/12\/noigolosi7637-510x685.jpg 510w, https:\/\/www.atelierlune.it\/wp-content\/uploads\/2020\/12\/noigolosi7637-762x1024.jpg 762w, https:\/\/www.atelierlune.it\/wp-content\/uploads\/2020\/12\/noigolosi7637-768x1031.jpg 768w, https:\/\/www.atelierlune.it\/wp-content\/uploads\/2020\/12\/noigolosi7637-9x12.jpg 9w, https:\/\/www.atelierlune.it\/wp-content\/uploads\/2020\/12\/noigolosi7637.jpg 1000w\" sizes=\"(max-width: 223px) 100vw, 223px\" \/><\/a>\n\t\t\t<\/div><\/figure><figure class='gallery-item'>\n\t\t\t<div class='gallery-icon landscape'>\n\t\t\t\t<a href='https:\/\/www.atelierlune.it\/wp-content\/uploads\/2020\/12\/noigolosi7682.jpg'><img decoding=\"async\" width=\"300\" height=\"223\" src=\"https:\/\/www.atelierlune.it\/wp-content\/uploads\/2020\/12\/noigolosi7682-300x223.jpg\" class=\"attachment-medium size-medium\" alt=\"\" srcset=\"https:\/\/www.atelierlune.it\/wp-content\/uploads\/2020\/12\/noigolosi7682-300x223.jpg 300w, https:\/\/www.atelierlune.it\/wp-content\/uploads\/2020\/12\/noigolosi7682-510x380.jpg 510w, https:\/\/www.atelierlune.it\/wp-content\/uploads\/2020\/12\/noigolosi7682-1024x762.jpg 1024w, https:\/\/www.atelierlune.it\/wp-content\/uploads\/2020\/12\/noigolosi7682-768x572.jpg 768w, https:\/\/www.atelierlune.it\/wp-content\/uploads\/2020\/12\/noigolosi7682-16x12.jpg 16w, https:\/\/www.atelierlune.it\/wp-content\/uploads\/2020\/12\/noigolosi7682.jpg 1343w\" sizes=\"(max-width: 300px) 100vw, 300px\" \/><\/a>\n\t\t\t<\/div><\/figure>\n\t\t<\/div>\n\n","protected":false},"excerpt":{"rendered":"<p><span style=\"color: #000000;\"><span style=\"font-family: Calibri Light, serif;\"><span style=\"font-size: medium;\"><span lang=\"de-DE\"><b>Kunsthandwerkliche Sandstrahlbearbeitung in Spiralform<\/b><\/span><\/span><\/span><\/span><\/p>\n<p><span style=\"color: #000000;\"><span style=\"font-family: Calibri Light, serif;\"><span style=\"font-size: medium;\"><span lang=\"de-DE\">Glasplatte mit feiner Deko.<br \/>\nTortenplatte mit feinem und zartem Design f\u00fcr eine stilvolle Pr\u00e4sentation edler Backwaren und leckerer Vorspeisen. Ein Name, ein Gl\u00fcckwunsch, ein Gedanke in der Gravur geben dieser Platte zus\u00e4tzliche Bedeutung. <\/span><\/span><\/span><\/span><\/p>\n<p><span style=\"color: #000000;\"><span style=\"font-family: Calibri Light, serif;\"><span style=\"font-size: medium;\"><span lang=\"de-DE\">Auf jeder Platte wird Freihand graviert. Die Sandstrahlbearbeitung unserer Kreationen ist reine Handwerkskunst. Die durchgehend leichten Abweichungen im Design machen aus jedem St\u00fcck ein Unikat.<\/span><\/span><\/span><\/span><\/p>\n<p><span style=\"color: #692073;\"><span style=\"font-family: Calibri Light, serif;\"><span style=\"font-size: medium;\"><span lang=\"de-DE\"><b>Sie erhalten \u2013 ohne Zusatzkosten \u2013 jedes St\u00fcck in einer eleganten LUNE-Geschenkkonfektion, die zudem nachhaltig und umweltfreundlich ist.<\/b><\/span><\/span><\/span><\/span><\/p>\n<p><a href=\"https:\/\/www.atelierlune.it\/de\/personalisierte-gravuren\/\"><img decoding=\"async\" class=\"alignnone wp-image-1561\" src=\"https:\/\/www.atelierlune.it\/wp-content\/uploads\/2020\/12\/Pulsante-atelier-lune.png\" alt=\"\" width=\"120\" height=\"123\" \/><\/a><\/p>\n<p>Achtung: wenn Sie verschiedene St\u00fccke vom gleichen Artikel gravieren wollen, m\u00fcssen Sie diese getrennt in den Einkaufswagen stellen.<\/p>\n","protected":false},"featured_media":1869,"comment_status":"closed","ping_status":"closed","template":"","meta":{"om_disable_all_campaigns":false,"_monsterinsights_skip_tracking":false,"_monsterinsights_sitenote_active":false,"_monsterinsights_sitenote_note":"","_monsterinsights_sitenote_category":0},"product_brand":[],"product_cat":[38],"product_tag":[],"class_list":{"0":"post-1868","1":"product","2":"type-product","3":"status-publish","4":"has-post-thumbnail","6":"product_cat-teller-und-schalen","8":"first","9":"instock","10":"purchasable","11":"product-type-simple"},"aioseo_notices":[],"_links":{"self":[{"href":"https:\/\/www.atelierlune.it\/de\/wp-json\/wp\/v2\/product\/1868","targetHints":{"allow":["GET"]}}],"collection":[{"href":"https:\/\/www.atelierlune.it\/de\/wp-json\/wp\/v2\/product"}],"about":[{"href":"https:\/\/www.atelierlune.it\/de\/wp-json\/wp\/v2\/types\/product"}],"replies":[{"embeddable":true,"href":"https:\/\/www.atelierlune.it\/de\/wp-json\/wp\/v2\/comments?post=1868"}],"wp:featuredmedia":[{"embeddable":true,"href":"https:\/\/www.atelierlune.it\/de\/wp-json\/wp\/v2\/media\/1869"}],"wp:attachment":[{"href":"https:\/\/www.atelierlune.it\/de\/wp-json\/wp\/v2\/media?parent=1868"}],"wp:term":[{"taxonomy":"product_brand","embeddable":true,"href":"https:\/\/www.atelierlune.it\/de\/wp-json\/wp\/v2\/product_brand?post=1868"},{"taxonomy":"product_cat","embeddable":true,"href":"https:\/\/www.atelierlune.it\/de\/wp-json\/wp\/v2\/product_cat?post=1868"},{"taxonomy":"product_tag","embeddable":true,"href":"https:\/\/www.atelierlune.it\/de\/wp-json\/wp\/v2\/product_tag?post=1868"}],"curies":[{"name":"wp","href":"https:\/\/api.w.org\/{rel}","templated":true}]}}