{"id":2060,"date":"2021-04-15T12:34:10","date_gmt":"2021-04-15T12:34:10","guid":{"rendered":"https:\/\/www.atelierlune.it\/faq\/"},"modified":"2021-04-15T12:44:22","modified_gmt":"2021-04-15T12:44:22","slug":"faq","status":"publish","type":"page","link":"https:\/\/www.atelierlune.it\/de\/faq\/","title":{"rendered":"FAQ"},"content":{"rendered":"<p><strong>Was kann ich gravieren?<\/strong><\/p>\n<p>Sie k\u00f6nnen, was immer Sie wollen gravieren. Es kann ein Name und\/oder ein Datum, ein Gru\u00df oder eine pers\u00f6nliche Widmung sein. Lassen Sie sich auf unserer Website www.atelierlune.it im Bereich Pers\u00f6nliche Gravour inspirieren oder finden Sie einfach den Satz, der dazu passt.<\/p>\n<p><strong>Wo kommt die Gravur?<\/strong><\/p>\n<p>Paola, die K\u00fcnstlerin, entscheidet die passendste Position je nach L\u00e4nge und Motiv der Gravur. Gew\u00f6hnlich wird sie entlang der spiralf\u00f6rmigen Sandstrahlung angebracht.<\/p>\n<p><strong>Wie wird die Gravur gemacht?<\/strong><\/p>\n<p>Die Gravur erfolgt von freier Hand mit einem Diamantwerkzeug, dieses ritzt die Glasoberfl\u00e4che sodass eine bleibende, nicht l\u00f6schbare Schrift entsteht.<\/p>\n<p>&nbsp;<\/p>\n<p><strong>DEKORATION Veredelung<\/strong><\/p>\n<p><strong>Was ist eine Sandstrahlbearbeitung?<\/strong><\/p>\n<p>Sandstrahlung erfolgt durch ein Gemisch aus Druckluft und Sand. Dabei wird die Glasoberfl\u00e4che abgedeckt die durchsichtig bleiben soll. Die sandgestrahlte Oberfl\u00e4che wird matt und leicht rau.<\/p>\n<p>Die Sandstrahlbearbeitung braucht ein sorgf\u00e4ltiges Abdecken aller Teile, die durchsichtig bleiben sollen und ist reine Handarbeit. Dies bewirkt leichte Abweichungen im Design und tr\u00e4gt ebenso bei, aus jedem St\u00fcck ein Unikat zu machen.<\/p>\n<p><strong>Kann die Dekoration gel\u00f6scht werden?<\/strong><\/p>\n<p>Nein. Im Gegensatz zu vielen anderen Dekorationstechniken sind Sandstrahlung und Gravur dauerhaft.<\/p>\n<p>&nbsp;<\/p>\n<p><strong>Kann das verzierte und gravierte Glas in den Geschirrsp\u00fcler?<\/strong><\/p>\n<p>Sowohl die Sandstrahldekoration als auch die Gravur werden durch den Geschirrsp\u00fcler nicht besch\u00e4digt. F\u00fcr edle Glasgegenst\u00e4nde wird jedoch das Sp\u00fclen mit Hand immer empfohlen.<\/p>\n<p><strong>Ist jede Dekoration identisch mit der im Bild? <\/strong><\/p>\n<p>Position und Form der Sandstrahldekoration sind wie im Bild. Das Spiel der Linien wird in Handarbeit gefertigt, was zu leichten Unterschieden f\u00fchrt und jedes St\u00fcck zum Unikat macht.<\/p>\n<p>&nbsp;<\/p>\n<p><strong>VERSAND<\/strong><\/p>\n<p><strong>Wohin kann ich meine Bestellung schicken?<\/strong><\/p>\n<p>Sie k\u00f6nnen Ihre Bestellung zu Ihnen nach Hause schicken lassen oder an die Adresse der Person, die Ihr Geschenk erhalten soll. Beachten Sie jedoch, dass f\u00fcr jeden Versand die Versandkosten zu bezahlen sind.<\/p>\n<p><strong>Muss ich f\u00fcr jeden Artikel in einem Versand zus\u00e4tzliche Versandkosten bezahlen?<\/strong><\/p>\n<p>Nein, Sie k\u00f6nnen mehrere Artikel bestellen in einer einzigen Lieferung. Bis zu \u20ac 80.00 bleiben die Versandkosten gleich. Wenn Sie \u00fcber \u20ac 80.00 einkaufen, ist der Versand in Italien sogar kostenlos! F\u00fcr Auslandslieferungen ab \u20ac 140.00 kostenlos.<\/p>\n<p><strong>Wie lange dauert es, bis meine Bestellung eintrifft?<\/strong><\/p>\n<p>Inlandlieferungen brauchen zwischen 4-6 Tagen, ins Ausland kann es etwas l\u00e4nger dauern sowie f\u00fcr besondere komplizierte und aufwendige Gravuren. In besonderen F\u00e4llen k\u00f6nnen Sie uns gern kontaktieren.<\/p>\n<p>&nbsp;<\/p>\n<p><strong>Verpackung<\/strong><\/p>\n<p><strong>Was ist in der Geschenkverpackung drin?<\/strong><\/p>\n<p>Die Geschenkverpackung besteht aus einer Wellpappeschachtel wie im Bild, in welcher jedes St\u00fcck in Seidenpapier gewickelt und dann mit Holzstroh gef\u00fcllt wird. Dazu noch unsere LUNE-Garantiekarte (jeder Artikel ist ein Einzelst\u00fcck) und eine kleine Brosch\u00fcre unserer Glaskunstwerkstatt.<\/p>\n<p><strong>Warum wird jedes St\u00fcck in einer Geschenk-Wellpappeschachtel verpackt?<\/strong><\/p>\n<p>Jedes St\u00fcck aus unserer Werkstatt hat seine kleine Geschichte. Um dieser Geschichte Wert zu geben, wollen wir unsere Kreationen auch passend verpacken. Dies soll dem Empf\u00e4nger helfen, mit dieser Geschichte in Kontakt zu treten.<\/p>\n<p>&nbsp;<\/p>\n<p><strong>SONDERBESTELLUNGEN<\/strong><\/p>\n<p><strong>Wie kann ich eine Sonderbestellung aufgeben?<\/strong><\/p>\n<p>Wenn Sie ein ma\u00dfgefertigtes St\u00fcck wie einen Spiegel f\u00fcr Ihr Zuhause, eine T\u00fcr oder spezielle Lampen ben\u00f6tigen, kommen Sie uns in Bozen im Atelier besuchen. Falls dies nicht m\u00f6glich ist, k\u00f6nnen Sie uns gerne kontaktieren, telefonisch oder \u00fcber Email.<\/p>\n","protected":false},"excerpt":{"rendered":"<p>Was kann ich gravieren? Sie k\u00f6nnen, was immer Sie wollen gravieren. Es kann ein Name und\/oder ein Datum, ein Gru\u00df oder eine pers\u00f6nliche Widmung sein. Lassen Sie sich auf unserer Website www.atelierlune.it im Bereich Pers\u00f6nliche Gravour inspirieren oder finden Sie einfach den Satz, der dazu passt. Wo kommt die Gravur? Paola, die K\u00fcnstlerin, entscheidet die [&#8230;]\n","protected":false},"author":2,"featured_media":0,"parent":0,"menu_order":0,"comment_status":"closed","ping_status":"closed","template":"","meta":{"om_disable_all_campaigns":false,"_monsterinsights_skip_tracking":false,"_monsterinsights_sitenote_active":false,"_monsterinsights_sitenote_note":"","_monsterinsights_sitenote_category":0,"footnotes":""},"class_list":["post-2060","page","type-page","status-publish","hentry"],"aioseo_notices":[],"_links":{"self":[{"href":"https:\/\/www.atelierlune.it\/de\/wp-json\/wp\/v2\/pages\/2060","targetHints":{"allow":["GET"]}}],"collection":[{"href":"https:\/\/www.atelierlune.it\/de\/wp-json\/wp\/v2\/pages"}],"about":[{"href":"https:\/\/www.atelierlune.it\/de\/wp-json\/wp\/v2\/types\/page"}],"author":[{"embeddable":true,"href":"https:\/\/www.atelierlune.it\/de\/wp-json\/wp\/v2\/users\/2"}],"replies":[{"embeddable":true,"href":"https:\/\/www.atelierlune.it\/de\/wp-json\/wp\/v2\/comments?post=2060"}],"version-history":[{"count":2,"href":"https:\/\/www.atelierlune.it\/de\/wp-json\/wp\/v2\/pages\/2060\/revisions"}],"predecessor-version":[{"id":2062,"href":"https:\/\/www.atelierlune.it\/de\/wp-json\/wp\/v2\/pages\/2060\/revisions\/2062"}],"wp:attachment":[{"href":"https:\/\/www.atelierlune.it\/de\/wp-json\/wp\/v2\/media?parent=2060"}],"curies":[{"name":"wp","href":"https:\/\/api.w.org\/{rel}","templated":true}]}}