{"id":1808,"date":"2020-12-11T23:22:44","date_gmt":"2020-12-11T23:22:44","guid":{"rendered":"https:\/\/www.atelierlune.it\/?page_id=1808"},"modified":"2020-12-11T23:30:03","modified_gmt":"2020-12-11T23:30:03","slug":"personalisierte-gravuren","status":"publish","type":"page","link":"https:\/\/www.atelierlune.it\/de\/personalisierte-gravuren\/","title":{"rendered":"PERSONALISIERTE GRAVUREN"},"content":{"rendered":"\n  <div class=\"banner has-hover\" id=\"banner-1912832249\">\n          <div class=\"banner-inner fill\">\n        <div class=\"banner-bg fill\" >\n            <div class=\"bg fill bg-fill \"><\/div>\n                        <div class=\"overlay\"><\/div>            \n            <div class=\"effect-sparkle bg-effect fill no-click\"><\/div>        <\/div>\n\t\t\n        <div class=\"banner-layers container\">\n            <div class=\"fill banner-link\"><\/div>            \n   <div id=\"text-box-581830738\" class=\"text-box banner-layer x50 md-x50 lg-x50 y80 md-y80 lg-y80 res-text\">\n                                <div class=\"text-box-content text dark\">\n              \n              <div class=\"text-inner text-center\">\n                  \n<h1><span style=\"color: #ffffff; font-size: 115%;\">Personalisierte Gravuren<\/span><\/h1>\n              <\/div>\n           <\/div>\n                            \n<style>\n#text-box-581830738 {\n  width: 60%;\n}\n#text-box-581830738 .text-box-content {\n  font-size: 100%;\n}\n<\/style>\n    <\/div>\n \n        <\/div>\n      <\/div>\n\n            \n<style>\n#banner-1912832249 {\n  padding-top: 500px;\n}\n#banner-1912832249 .bg.bg-loaded {\n  background-image: url(https:\/\/www.atelierlune.it\/wp-content\/uploads\/2020\/12\/incisionepiatto-IMG_9111-1024x683.jpg);\n}\n#banner-1912832249 .overlay {\n  background-color: rgba(0, 0, 0, 0.34);\n}\n#banner-1912832249 .ux-shape-divider--top svg {\n  height: 150px;\n  --divider-top-width: 100%;\n}\n#banner-1912832249 .ux-shape-divider--bottom svg {\n  height: 150px;\n  --divider-width: 100%;\n}\n<\/style>\n  <\/div>\n\n\n\t<div id=\"gap-1389689103\" class=\"gap-element clearfix\" style=\"display:block; height:auto;\">\n\t\t\n<style>\n#gap-1389689103 {\n  padding-top: 81px;\n}\n<\/style>\n\t<\/div>\n\t\n<div class=\"row row-large align-middle align-center\"  id=\"row-1705619477\">\n\n\t<div id=\"col-477507316\" class=\"col medium-5 small-10 large-6\"  >\n\t\t\t\t<div class=\"col-inner\" style=\"background-color:rgba(105, 32, 115, 0.65);\" >\n\t\t\t\n\t\t\t\n<div class=\"row row-collapse\"  id=\"row-96762464\">\n\n\t<div id=\"col-751264834\" class=\"col small-12 large-12\"  >\n\t\t\t\t<div class=\"col-inner\"  >\n\t\t\t\n\t\t\t\n\t<div class=\"img has-hover x md-x lg-x y md-y lg-y\" id=\"image_92395244\">\n\t\t\t\t\t\t\t\t<div class=\"img-inner dark\" >\n\t\t\t<img decoding=\"async\" width=\"1600\" height=\"1200\" src=\"https:\/\/www.atelierlune.it\/wp-content\/uploads\/2020\/12\/Incisioni_Calici.jpg\" class=\"attachment-original size-original\" alt=\"\" srcset=\"https:\/\/www.atelierlune.it\/wp-content\/uploads\/2020\/12\/Incisioni_Calici.jpg 1600w, https:\/\/www.atelierlune.it\/wp-content\/uploads\/2020\/12\/Incisioni_Calici-510x383.jpg 510w, https:\/\/www.atelierlune.it\/wp-content\/uploads\/2020\/12\/Incisioni_Calici-300x225.jpg 300w, https:\/\/www.atelierlune.it\/wp-content\/uploads\/2020\/12\/Incisioni_Calici-1024x768.jpg 1024w, https:\/\/www.atelierlune.it\/wp-content\/uploads\/2020\/12\/Incisioni_Calici-768x576.jpg 768w, https:\/\/www.atelierlune.it\/wp-content\/uploads\/2020\/12\/Incisioni_Calici-1536x1152.jpg 1536w\" sizes=\"(max-width: 1600px) 100vw, 1600px\" \/>\t\t\t\t\t\t\n\t\t\t\t\t<\/div>\n\t\t\t\t\t\t\t\t\n<style>\n#image_92395244 {\n  width: 100%;\n}\n<\/style>\n\t<\/div>\n\t\n\t\t<\/div>\n\t\t\t\t\n<style>\n#col-751264834 > .col-inner {\n  margin: -20px 0px 0px -20px;\n}\n<\/style>\n\t<\/div>\n\n\t\n<\/div>\n\t\t<\/div>\n\t\t\t\t\n<style>\n#col-477507316 > .col-inner {\n  padding: 0px 20px 40px 0px;\n}\n<\/style>\n\t<\/div>\n\n\t\n\n\t<div id=\"col-1738014520\" class=\"col medium-5 small-12 large-6\"  >\n\t\t\t\t<div class=\"col-inner text-center\"  >\n\t\t\t\n\t\t\t\n\t<div id=\"text-382751239\" class=\"text\">\n\t\t\n<p><span style=\"font-size: 110%;\"><em>Ein personalisiertes Geschenk ist oft unerwartet und originell, es bleibt in Erinnerung. <\/em><\/span><br \/>\n\t\t\n<style>\n#text-382751239 {\n  text-align: left;\n}\n<\/style>\n\t<\/div>\n\t\n\t\t<\/div>\n\t\t\t\t\n<style>\n#col-1738014520 > .col-inner {\n  margin: 0px 0px 40px 0px;\n}\n<\/style>\n\t<\/div>\n\n\t\n<\/div>\n<div class=\"row row-large align-middle align-center\"  id=\"row-1865261387\">\n\n\t<div id=\"col-5926432\" class=\"col medium-5 small-12 large-6\"  >\n\t\t\t\t<div class=\"col-inner text-center\"  >\n\t\t\t\n\t\t\t\n\t<div id=\"text-632256520\" class=\"text\">\n\t\t\n<p><span style=\"font-size: 110%;\"><em>Durch ein Geschenk bringen wir zum Ausdruck, wie wichtig die beschenkte Person f\u00fcr uns ist. <\/em><\/span><br \/>\n\t\t\n<style>\n#text-632256520 {\n  text-align: left;\n}\n<\/style>\n\t<\/div>\n\t\n\t\t<\/div>\n\t\t\t\t\n<style>\n#col-5926432 > .col-inner {\n  margin: 0px 0px 40px 0px;\n}\n<\/style>\n\t<\/div>\n\n\t\n\n\t<div id=\"col-1874529902\" class=\"col medium-5 small-10 large-6\"  >\n\t\t\t\t<div class=\"col-inner\" style=\"background-color:rgba(105, 32, 115, 0.38);\" >\n\t\t\t\n\t\t\t\n<div class=\"row row-collapse\"  id=\"row-533665159\">\n\n\t<div id=\"col-950573523\" class=\"col small-12 large-12\"  >\n\t\t\t\t<div class=\"col-inner\"  >\n\t\t\t\n\t\t\t\n\t<div class=\"img has-hover x md-x lg-x y md-y lg-y\" id=\"image_98758559\">\n\t\t\t\t\t\t\t\t<div class=\"img-inner dark\" >\n\t\t\t<img decoding=\"async\" width=\"1250\" height=\"1079\" src=\"https:\/\/www.atelierlune.it\/wp-content\/uploads\/2020\/12\/Rinomina_3d20cabe-aae6-4723-a975-65bee5986ea8.jpg\" class=\"attachment-original size-original\" alt=\"\" srcset=\"https:\/\/www.atelierlune.it\/wp-content\/uploads\/2020\/12\/Rinomina_3d20cabe-aae6-4723-a975-65bee5986ea8.jpg 1250w, https:\/\/www.atelierlune.it\/wp-content\/uploads\/2020\/12\/Rinomina_3d20cabe-aae6-4723-a975-65bee5986ea8-510x440.jpg 510w, https:\/\/www.atelierlune.it\/wp-content\/uploads\/2020\/12\/Rinomina_3d20cabe-aae6-4723-a975-65bee5986ea8-300x259.jpg 300w, https:\/\/www.atelierlune.it\/wp-content\/uploads\/2020\/12\/Rinomina_3d20cabe-aae6-4723-a975-65bee5986ea8-1024x884.jpg 1024w, https:\/\/www.atelierlune.it\/wp-content\/uploads\/2020\/12\/Rinomina_3d20cabe-aae6-4723-a975-65bee5986ea8-768x663.jpg 768w\" sizes=\"(max-width: 1250px) 100vw, 1250px\" \/>\t\t\t\t\t\t\n\t\t\t\t\t<\/div>\n\t\t\t\t\t\t\t\t\n<style>\n#image_98758559 {\n  width: 100%;\n}\n<\/style>\n\t<\/div>\n\t\n\t\t<\/div>\n\t\t\t\t\n<style>\n#col-950573523 > .col-inner {\n  margin: -20px 0px 0px -20px;\n}\n<\/style>\n\t<\/div>\n\n\t\n<\/div>\n\t\t<\/div>\n\t\t\t\t\n<style>\n#col-1874529902 > .col-inner {\n  padding: 0px 20px 40px 0px;\n}\n<\/style>\n\t<\/div>\n\n\t\n<\/div>\n<div class=\"row row-large align-middle align-center\"  id=\"row-1115022921\">\n\n\t<div id=\"col-268787169\" class=\"col medium-5 small-10 large-6\"  >\n\t\t\t\t<div class=\"col-inner\" style=\"background-color:rgba(105, 32, 115, 0.28);\" >\n\t\t\t\n\t\t\t\n<div class=\"row row-collapse\"  id=\"row-1218907208\">\n\n\t<div id=\"col-1896773347\" class=\"col small-12 large-12\"  >\n\t\t\t\t<div class=\"col-inner\"  >\n\t\t\t\n\t\t\t\n\t<div class=\"img has-hover x md-x lg-x y md-y lg-y\" id=\"image_1753363990\">\n\t\t\t\t\t\t\t\t<div class=\"img-inner dark\" >\n\t\t\t<img decoding=\"async\" width=\"1200\" height=\"900\" src=\"https:\/\/www.atelierlune.it\/wp-content\/uploads\/2020\/12\/incisione-gallery.jpg\" class=\"attachment-original size-original\" alt=\"\" srcset=\"https:\/\/www.atelierlune.it\/wp-content\/uploads\/2020\/12\/incisione-gallery.jpg 1200w, https:\/\/www.atelierlune.it\/wp-content\/uploads\/2020\/12\/incisione-gallery-510x383.jpg 510w, https:\/\/www.atelierlune.it\/wp-content\/uploads\/2020\/12\/incisione-gallery-300x225.jpg 300w, https:\/\/www.atelierlune.it\/wp-content\/uploads\/2020\/12\/incisione-gallery-1024x768.jpg 1024w, https:\/\/www.atelierlune.it\/wp-content\/uploads\/2020\/12\/incisione-gallery-768x576.jpg 768w\" sizes=\"(max-width: 1200px) 100vw, 1200px\" \/>\t\t\t\t\t\t\n\t\t\t\t\t<\/div>\n\t\t\t\t\t\t\t\t\n<style>\n#image_1753363990 {\n  width: 100%;\n}\n<\/style>\n\t<\/div>\n\t\n\t\t<\/div>\n\t\t\t\t\n<style>\n#col-1896773347 > .col-inner {\n  margin: -20px 0px 0px -20px;\n}\n<\/style>\n\t<\/div>\n\n\t\n<\/div>\n\t\t<\/div>\n\t\t\t\t\n<style>\n#col-268787169 > .col-inner {\n  padding: 0px 20px 40px 0px;\n}\n<\/style>\n\t<\/div>\n\n\t\n\n\t<div id=\"col-970245543\" class=\"col medium-5 small-12 large-6\"  >\n\t\t\t\t<div class=\"col-inner text-center\"  >\n\t\t\t\n\t\t\t\n\t<div id=\"text-2112054946\" class=\"text\">\n\t\t\n<p><span style=\"font-size: 110%;\"><em>Die Personaliserung macht daraus zus\u00e4tzlich etwas ganz Pers\u00f6nliches, macht den Moment des Schenkens und den Anlass zu etwas Dauerhaftem<\/em><\/span><br \/>\n\t\t\n<style>\n#text-2112054946 {\n  text-align: left;\n}\n<\/style>\n\t<\/div>\n\t\n\t\t<\/div>\n\t\t\t\t\n<style>\n#col-970245543 > .col-inner {\n  margin: 0px 0px 40px 0px;\n}\n<\/style>\n\t<\/div>\n\n\t\n<\/div>\n\t<div id=\"gap-654084551\" class=\"gap-element clearfix\" style=\"display:block; height:auto;\">\n\t\t\n<style>\n#gap-654084551 {\n  padding-top: 81px;\n}\n<\/style>\n\t<\/div>\n\t\n<div class=\"row\"  id=\"row-2127960119\">\n\n\t<div id=\"col-850861236\" class=\"col small-12 large-12\"  >\n\t\t\t\t<div class=\"col-inner\"  >\n\t\t\t\n\t\t\t\n<h3 style=\"text-align: center;\"><strong>Wir bieten Ihnen hier einige Ideen an, die Sie vielleicht f\u00fcr Ihre pers\u00f6nlichen Geschenke verwenden oder auch selbst anpassen k\u00f6nnen<\/strong><\/h3>\n<p style=\"text-align: center;\">Das eine oder das andere ebenso wie eigene Gedanken k\u00f6nnen wir gerne in Ihr Geschenkobjekt gravieren:<\/p>\n<p style=\"text-align: center;\">Geburtstag \/ Liebe \/ Danke \/ Freunde \/ Jubil\u00e4um \/ Mama\/ Papa \/ Gro\u00dfeltern \/ Geburt \/ Pensionierung \/ Abschluss \/ Einweihungen \/ Neues Zuhause<\/p>\n\t\t<\/div>\n\t\t\t\t\t<\/div>\n\n\t\n<\/div>\n<div class=\"row\"  id=\"row-648011766\">\n\n\t<div id=\"col-1524631561\" class=\"col medium-10 small-12 large-10\"  >\n\t\t\t\t<div class=\"col-inner\"  >\n\t\t\t\n\t\t\t\n<div class=\"accordion\" rel=\"1\">\n<div class=\"accordion-item\"><a href=\"#\" class=\"accordion-title plain\"><button class=\"toggle\"><i class=\"icon-angle-down\"><\/i><\/button><span>Geburtstag<\/span><\/a><div class=\"accordion-inner\">\n<ul>\n<li>&#8220;Jeder der sich die F\u00e4higkeit erh\u00e4lt, Sch\u00f6nes zu erkennen, wird nie alt werden\u201c<\/li>\n<li>Kafka<\/li>\n<li>\u201eIch w\u00fcnsche dir Liebe, Freude und Vertrauen. Alles Gute!\u201c<\/li>\n<li>\u201eOhne dich h\u00e4tte die Welt etwas Wunderbares verpasst!\u201c<\/li>\n<li>\u201eAlles Gute und Liebe zum xsten Geburtstag!\u201c<\/li>\n<li>\u201eZum Geburtstag alles Liebe!\u201c<\/li>\n<li>\u201eErinnere dich an die Vergangenheit, tr\u00e4ume von der Zukunft, aber lebe heute!\u201c<\/li>\n<li>\u201eNicht die Jahre in unserem Leben z\u00e4hlen, sondern das Leben in unseren Jahren!\u201c<\/li>\n<\/ul>\n<\/div><\/div>\n<div class=\"accordion-item\"><a href=\"#\" class=\"accordion-title plain\"><button class=\"toggle\"><i class=\"icon-angle-down\"><\/i><\/button><span>Liebe<\/span><\/a><div class=\"accordion-inner\">\n<ul>\n<li>\u201eBei dir bin ich zuhause. Ich liebe dich!\u201c<\/li>\n<li>\u201eLiebe muss nicht perfekt sein, sondern echt.\u201c<\/li>\n<li>\u201eMit dir leben, lieben, lachen.\u201c<\/li>\n<li>\u201eI mog di!\u201c<\/li>\n<li>\u201eDu gibst mir W\u00e4rme und Energie, du bist meine Sonne!\u201c<\/li>\n<li>\u201eWer liebt, der lebt. Du h\u00e4ltst mich am Leben!\u201c<\/li>\n<li>\u201eMeine Liebe zu dir ist so gro\u00df und weit wie die Unendlichkeit.\u201c<\/li>\n<\/ul>\n<\/div><\/div>\n<div class=\"accordion-item\"><a href=\"#\" class=\"accordion-title plain\"><button class=\"toggle\"><i class=\"icon-angle-down\"><\/i><\/button><span>Danke<\/span><\/a><div class=\"accordion-inner\">\n<ul>\n<li>\u201eEin liebevolles und riesengro\u00dfes Danke!\u201c<\/li>\n<li>\u201cDanke dass es dich gibt! Du bist einzigartig!\u201c<\/li>\n<li>\u201eDanke, dass du immer an mich glaubst und mich unterst\u00fctzt!\u201c<\/li>\n<li>\u201eDu hast mir die Inspiration gegeben, die ich brauchte. Vielen Dank.\u201c<\/li>\n<li>\u201eDu bist eine wunderbare Freundin, danke!\u201c<\/li>\n<li>\u201eHab allen Dank der Welt!\u201c<\/li>\n<li>\u201eDanke, dass du immer f\u00fcr mich da bist!\u201c<\/li>\n<li>\u201eF\u00fcr deine wertvolle Pr\u00e4senz und dein gro\u00dfes Herz, ein aufrichtiges Danke.\u201c<\/li>\n<\/ul>\n<\/div><\/div>\n<div class=\"accordion-item\"><a href=\"#\" class=\"accordion-title plain\"><button class=\"toggle\"><i class=\"icon-angle-down\"><\/i><\/button><span>Freunde<\/span><\/a><div class=\"accordion-inner\">\n<ul>\n<li>\u201eDu erinnerst mich immer wieder daran, wer ich bin. Danke f\u00fcr deine Freundschaft.\u201c<\/li>\n<li>\u201eIch bin dankbar, einen Freund wie dich gefunden zu haben.\u201c<\/li>\n<li>\u201eDu bist \u2026charmant und lustig, einfach gro\u00dfartig!\u201c<\/li>\n<li>\u201eDu wei\u00dft, was wahre Freundschaft ist! Danke.\u201c<\/li>\n<li>\u201eWo immer du bist, ob du lachen oder weinen musst: Ich bin f\u00fcr dich da!\u201c<\/li>\n<\/ul>\n<\/div><\/div>\n<div class=\"accordion-item\"><a href=\"#\" class=\"accordion-title plain\"><button class=\"toggle\"><i class=\"icon-angle-down\"><\/i><\/button><span>Jubil\u00e4um<\/span><\/a><div class=\"accordion-inner\">\n<ul>\n<li>\u201eDu erinnerst mich immer wieder daran, wer ich bin. Danke f\u00fcr deine Freundschaft.\u201c<\/li>\n<li>\u201eIch bin dankbar, einen Freund wie dich gefunden zu haben.\u201c<\/li>\n<li>\u201eDu bist \u2026charmant und lustig, einfach gro\u00dfartig!\u201c<\/li>\n<li>\u201eDu wei\u00dft, was wahre Freundschaft ist! Danke.\u201c<\/li>\n<li>\u201eWo immer du bist, ob du lachen oder weinen musst: Ich bin f\u00fcr dich da!\u201c<\/li>\n<\/ul>\n<\/div><\/div>\n<div class=\"accordion-item\"><a href=\"#\" class=\"accordion-title plain\"><button class=\"toggle\"><i class=\"icon-angle-down\"><\/i><\/button><span>Mamma, Papa, Gro\u00dfeltern<\/span><\/a><div class=\"accordion-inner\">\n<ul>\n<li>\u201cMit dir fing alles an, dir vertraue ich in allem. Du bist die allerbeste Mama!\u201c<\/li>\n<li>\u201eDU bist die allerbeste Mama! Danke!\u201c<\/li>\n<li>\u201eDanke, dass du mich immer mit Liebe und Geduld begleitet hast. Du bist die beste Mama!\u201c<\/li>\n<li>\u201eKurz und knapp, ehrlich wahr: Mama du bist wunderbar!\u201c<\/li>\n<li>\u201eLieber Papa, danke f\u00fcr jeden Tag, an dem du mir Mut zum Aufstehen gemacht hast.\u201c<\/li>\n<li>\u201eDu bist nicht nur der allerbeste Vater, sondern auch der allerliebste!\u201c<\/li>\n<li>\u201ePapa, bei dir finde ich Schutz und Rat! Danke f\u00fcr alles!\u201c<\/li>\n<li>\u201eLieber Papa, danke dass du mir immer wieder zeigst, was im Leben wirklich z\u00e4hlt!\u201c<\/li>\n<li>\u201eEinen Engel ohne Fl\u00fcgel nennt man wie dich: Oma!\u201c<\/li>\n<li>\u201eDu bist die beste Zuh\u00f6rerin, Mutmacherin, Ratgeberin. Danke OMA!\u201c<\/li>\n<li>\u201eV\u00e4ter wissen eine Menge, Gro\u00dfv\u00e4ter wissen alles. Danke Opa!\u201c<\/li>\n<li>\u201eOpa, ich habe nachgemessen, du bist gro\u00dfartig!\u201c<\/li>\n<\/ul>\n<\/div><\/div>\n<div class=\"accordion-item\"><a href=\"#\" class=\"accordion-title plain\"><button class=\"toggle\"><i class=\"icon-angle-down\"><\/i><\/button><span>Geburt<\/span><\/a><div class=\"accordion-inner\">\n<ul>\n<li>Name und Geburtstag: XXX, 8.7.2020<\/li>\n<li>\u201eDa werden H\u00e4nde sein, die dich tragen und Menschen, die dir zeigen, dass du auf dieser Welt willkommen bist.\u201c<\/li>\n<li>\u201eWenn Liebe einmal keimt, treibt sie Wurzeln, die nicht aufh\u00f6ren zu wachsen. Willkommen!\u201c<\/li>\n<\/ul>\n<\/div><\/div>\n<div class=\"accordion-item\"><a href=\"#\" class=\"accordion-title plain\"><button class=\"toggle\"><i class=\"icon-angle-down\"><\/i><\/button><span>Pensionierung<\/span><\/a><div class=\"accordion-inner\">\n<ul>\n<li>\u201eZeit f\u00fcr Ruhe und Entspannung, Zeit f\u00fcr Tatkraft und Ideen, Zeit f\u00fcr Lachen und Freude.\u201c<\/li>\n<li>\u201eRuhestand, die Zeit, um das was du m\u00f6chtest, dann zu tun, wann du es m\u00f6chtest.\u201c<\/li>\n<li>\u201eRuhestand bedeutet nicht stehen bleiben, sondern ruhig weitergehen.\u201c<\/li>\n<li>\u201eWir werden uns gerne an die Zeit mit dir erinnern. Danke!\u201c<\/li>\n<li>\u201eEs ist Zeit, danke zu sagen f\u00fcr das, was war, damit das, was werden wird, unter einem guten Stern steht.\u201c<\/li>\n<\/ul>\n<\/div><\/div>\n<div class=\"accordion-item\"><a href=\"#\" class=\"accordion-title plain\"><button class=\"toggle\"><i class=\"icon-angle-down\"><\/i><\/button><span>Abschluss<\/span><\/a><div class=\"accordion-inner\">\n<ul>\n<li>\u201eSchritt f\u00fcr Schritt hast du den Gipfel erklommen. Herzlichen Gl\u00fcckwunsch, Herr Doktor!\u201c<\/li>\n<li>\u201eVertraue auf deine St\u00e4rken. Tue was dich gl\u00fccklich macht. Du bist auf dem richtigen Weg.\u201c<\/li>\n<li>\u201eHerzlichen Gl\u00fcckwunsch zum Bachelor!\u201c<\/li>\n<li>\u201eGl\u00fcckwunsch! \u2026 und jetzt f\u00fchren und f\u00fchren lassen \u2013 beides geht auch gleichzeitig!\u201c<\/li>\n<\/ul>\n<\/div><\/div>\n<div class=\"accordion-item\"><a href=\"#\" class=\"accordion-title plain\"><button class=\"toggle\"><i class=\"icon-angle-down\"><\/i><\/button><span>Einweihungen<\/span><\/a><div class=\"accordion-inner\">\n<ul>\n<li>\u201eSch\u00f6n, dass du den Mut findest neue T\u00fcren zu \u00f6ffnen! Alles Gute!\u201c<\/li>\n<li>\u201eEin erf\u00fcllter Traum erf\u00fcllt das Herz.\u201c<\/li>\n<li>\u201eHerzlichen Gl\u00fcckw\u00fcnsche zu diesem Schritt!<\/li>\n<li>\u201eF\u00fcr diesen Neuanfang w\u00fcnsche ich dir die Ruhe der Erde, die Kraft der Sonne und den Schwung der Luft.\u201c<\/li>\n<\/ul>\n<\/div><\/div>\n<div class=\"accordion-item\"><a href=\"#\" class=\"accordion-title plain\"><button class=\"toggle\"><i class=\"icon-angle-down\"><\/i><\/button><span>Neues Zuhause<\/span><\/a><div class=\"accordion-inner\">\n<ul>\n<li>\u201eZuhause ist, wo die Liebe wohnt, Erinnerungen geboren werden und jederzeit ein L\u00e4cheln auf dich wartet.\u201c<\/li>\n<li>\u201eEin Haus besteht aus Ziegeln und Balken, ein Heim entsteht aus Hoffnung und Tr\u00e4umen.\u201c<\/li>\n<li>\u201eZuhause, ein Ort wo man ankommen und einfach sein kann.\u201c<\/li>\n<li>\u201eDie Liebe macht aus einem Haus ein Zuhause.\u201c<\/li>\n<\/ul>\n<\/div><\/div>\n<\/div>\n\t\t<\/div>\n\t\t\t\t\t<\/div>\n\n\t\n<\/div>\n<div class=\"row\"  id=\"row-1942280997\">\n\n\t<div id=\"col-1917394635\" class=\"col small-12 large-12\"  >\n\t\t\t\t<div class=\"col-inner\"  >\n\t\t\t\n\t\t\t\n\t\t<\/div>\n\t\t\t\t\t<\/div>\n\n\t\n<\/div>\n","protected":false},"excerpt":{"rendered":"","protected":false},"author":2,"featured_media":0,"parent":0,"menu_order":0,"comment_status":"closed","ping_status":"closed","template":"","meta":{"om_disable_all_campaigns":false,"_monsterinsights_skip_tracking":false,"_monsterinsights_sitenote_active":false,"_monsterinsights_sitenote_note":"","_monsterinsights_sitenote_category":0,"footnotes":""},"class_list":["post-1808","page","type-page","status-publish","hentry"],"aioseo_notices":[],"_links":{"self":[{"href":"https:\/\/www.atelierlune.it\/de\/wp-json\/wp\/v2\/pages\/1808","targetHints":{"allow":["GET"]}}],"collection":[{"href":"https:\/\/www.atelierlune.it\/de\/wp-json\/wp\/v2\/pages"}],"about":[{"href":"https:\/\/www.atelierlune.it\/de\/wp-json\/wp\/v2\/types\/page"}],"author":[{"embeddable":true,"href":"https:\/\/www.atelierlune.it\/de\/wp-json\/wp\/v2\/users\/2"}],"replies":[{"embeddable":true,"href":"https:\/\/www.atelierlune.it\/de\/wp-json\/wp\/v2\/comments?post=1808"}],"version-history":[{"count":3,"href":"https:\/\/www.atelierlune.it\/de\/wp-json\/wp\/v2\/pages\/1808\/revisions"}],"predecessor-version":[{"id":1811,"href":"https:\/\/www.atelierlune.it\/de\/wp-json\/wp\/v2\/pages\/1808\/revisions\/1811"}],"wp:attachment":[{"href":"https:\/\/www.atelierlune.it\/de\/wp-json\/wp\/v2\/media?parent=1808"}],"curies":[{"name":"wp","href":"https:\/\/api.w.org\/{rel}","templated":true}]}}