{"id":1803,"date":"2020-12-11T23:14:32","date_gmt":"2020-12-11T23:14:32","guid":{"rendered":"https:\/\/www.atelierlune.it\/?page_id=1803"},"modified":"2021-04-21T07:46:08","modified_gmt":"2021-04-21T07:46:08","slug":"paola-die-kuenstlerin","status":"publish","type":"page","link":"https:\/\/www.atelierlune.it\/de\/paola-die-kuenstlerin\/","title":{"rendered":"PAOLA, DIE K\u00dcNSTLERIN"},"content":{"rendered":"\t<div id=\"text-2743667257\" class=\"text\">\n\t\t\n<h1>Paola, Die K\u00fcnstlerin<\/h1>\n\t\t\n<style>\n#text-2743667257 {\n  text-align: center;\n  color: #692073;\n}\n#text-2743667257 > * {\n  color: #692073;\n}\n<\/style>\n\t<\/div>\n\t\n\t<section class=\"section\" id=\"section_330026727\">\n\t\t<div class=\"bg section-bg fill bg-fill  bg-loaded\" >\n\n\t\t\t\n\t\t\t\n\t\t\t\n\n\t\t<\/div>\n\n\t\t\n\n\t\t<div class=\"section-content relative\">\n\t\t\t\n<div class=\"row row-large align-middle align-center\"  id=\"row-430225351\">\n\n\t<div id=\"col-249738354\" class=\"col medium-5 small-10 large-6\"  >\n\t\t\t\t<div class=\"col-inner\" style=\"background-color:rgba(105, 32, 115, 0.65);\" >\n\t\t\t\n\t\t\t\n<div class=\"row row-collapse\"  id=\"row-830741501\">\n\n\t<div id=\"col-1145326631\" class=\"col small-12 large-12\"  >\n\t\t\t\t<div class=\"col-inner\"  >\n\t\t\t\n\t\t\t\n\t<div class=\"img has-hover x md-x lg-x y md-y lg-y\" id=\"image_1478600408\">\n\t\t\t\t\t\t\t\t<div class=\"img-inner dark\" >\n\t\t\t<img decoding=\"async\" width=\"1800\" height=\"1200\" src=\"https:\/\/www.atelierlune.it\/wp-content\/uploads\/2020\/12\/Paola-thartist_8592.jpg\" class=\"attachment-original size-original\" alt=\"\" srcset=\"https:\/\/www.atelierlune.it\/wp-content\/uploads\/2020\/12\/Paola-thartist_8592.jpg 1800w, https:\/\/www.atelierlune.it\/wp-content\/uploads\/2020\/12\/Paola-thartist_8592-510x340.jpg 510w, https:\/\/www.atelierlune.it\/wp-content\/uploads\/2020\/12\/Paola-thartist_8592-300x200.jpg 300w, https:\/\/www.atelierlune.it\/wp-content\/uploads\/2020\/12\/Paola-thartist_8592-1024x683.jpg 1024w, https:\/\/www.atelierlune.it\/wp-content\/uploads\/2020\/12\/Paola-thartist_8592-768x512.jpg 768w, https:\/\/www.atelierlune.it\/wp-content\/uploads\/2020\/12\/Paola-thartist_8592-1536x1024.jpg 1536w\" sizes=\"(max-width: 1800px) 100vw, 1800px\" \/>\t\t\t\t\t\t\n\t\t\t\t\t<\/div>\n\t\t\t\t\t\t\t\t\n<style>\n#image_1478600408 {\n  width: 100%;\n}\n<\/style>\n\t<\/div>\n\t\n\t\t<\/div>\n\t\t\t\t\n<style>\n#col-1145326631 > .col-inner {\n  margin: -20px 0px 0px -20px;\n}\n<\/style>\n\t<\/div>\n\n\t\n<\/div>\n\t\t<\/div>\n\t\t\t\t\n<style>\n#col-249738354 > .col-inner {\n  padding: 0px 20px 40px 0px;\n}\n<\/style>\n\t<\/div>\n\n\t\n\n\t<div id=\"col-1781567447\" class=\"col medium-5 small-12 large-6\"  >\n\t\t\t\t<div class=\"col-inner text-center\"  >\n\t\t\t\n\t\t\t\n\t<div id=\"text-1456138686\" class=\"text\">\n\t\t\n<p><span style=\"font-size: 110%;\"><em>Der k\u00fcnstlerische Aspekt meiner Arbeit besteht f\u00fcr mich darin, Gegenst\u00e4nde zu erschaffen, sie mit kleinen und gr\u00f6\u00dferen Kunstgriffen zu verwandeln, um dann das Ergebnis meines Schaffensprozesses anderen anzuvertrauen.\u201c<\/em><\/span><br \/>\n\t\t\n<style>\n#text-1456138686 {\n  text-align: left;\n}\n<\/style>\n\t<\/div>\n\t\n\t\t<\/div>\n\t\t\t\t\n<style>\n#col-1781567447 > .col-inner {\n  margin: 0px 0px 40px 0px;\n}\n<\/style>\n\t<\/div>\n\n\t\n<\/div>\n<div class=\"row row-large align-middle align-center\"  id=\"row-704176276\">\n\n\t<div id=\"col-571252399\" class=\"col medium-5 small-12 large-6\"  >\n\t\t\t\t<div class=\"col-inner text-center\"  >\n\t\t\t\n\t\t\t\n\t<div id=\"text-1404672857\" class=\"text\">\n\t\t\n<p><span style=\"font-size: 110%;\"><em>Glas bewegt und begeistert mich. Es ist ein einfaches und dennoch kostbares Material, es ist f\u00fcr mich Symbol f\u00fcr Transparenz und Wahrhaftigheit.<\/em><\/span><br \/>\n\t\t\n<style>\n#text-1404672857 {\n  text-align: right;\n}\n<\/style>\n\t<\/div>\n\t\n\t\t<\/div>\n\t\t\t\t\n<style>\n#col-571252399 > .col-inner {\n  margin: 0px 0px 40px 0px;\n}\n<\/style>\n\t<\/div>\n\n\t\n\n\t<div id=\"col-234282282\" class=\"col medium-5 small-10 large-6 small-col-first\"  >\n\t\t\t\t<div class=\"col-inner\" style=\"background-color:rgba(105, 32, 115, 0.78);\" >\n\t\t\t\n\t\t\t\n<div class=\"row row-collapse\"  id=\"row-1533783311\">\n\n\t<div id=\"col-1220197437\" class=\"col small-12 large-12\"  >\n\t\t\t\t<div class=\"col-inner\"  >\n\t\t\t\n\t\t\t\n\t<div class=\"img has-hover x md-x lg-x y md-y lg-y\" id=\"image_1241637473\">\n\t\t\t\t\t\t\t\t<div class=\"img-inner dark\" >\n\t\t\t<img decoding=\"async\" width=\"800\" height=\"533\" src=\"https:\/\/www.atelierlune.it\/wp-content\/uploads\/2020\/12\/PallaNatale.jpg\" class=\"attachment-original size-original\" alt=\"\" srcset=\"https:\/\/www.atelierlune.it\/wp-content\/uploads\/2020\/12\/PallaNatale.jpg 800w, https:\/\/www.atelierlune.it\/wp-content\/uploads\/2020\/12\/PallaNatale-510x340.jpg 510w, https:\/\/www.atelierlune.it\/wp-content\/uploads\/2020\/12\/PallaNatale-300x200.jpg 300w, https:\/\/www.atelierlune.it\/wp-content\/uploads\/2020\/12\/PallaNatale-768x512.jpg 768w\" sizes=\"(max-width: 800px) 100vw, 800px\" \/>\t\t\t\t\t\t\n\t\t\t\t\t<\/div>\n\t\t\t\t\t\t\t\t\n<style>\n#image_1241637473 {\n  width: 100%;\n}\n<\/style>\n\t<\/div>\n\t\n\t\t<\/div>\n\t\t\t\t\n<style>\n#col-1220197437 > .col-inner {\n  margin: -20px 0px 0px 20px;\n}\n<\/style>\n\t<\/div>\n\n\t\n<\/div>\n\t\t<\/div>\n\t\t\t\t\n<style>\n#col-234282282 > .col-inner {\n  padding: 0px 0px 40px 20px;\n}\n<\/style>\n\t<\/div>\n\n\t\n<\/div>\n<div class=\"row row-large align-middle align-center\"  id=\"row-1975840111\">\n\n\t<div id=\"col-960118523\" class=\"col medium-5 small-10 large-6\"  >\n\t\t\t\t<div class=\"col-inner\" style=\"background-color:rgba(105, 32, 115, 0.89);\" >\n\t\t\t\n\t\t\t\n<div class=\"row row-collapse\"  id=\"row-117748925\">\n\n\t<div id=\"col-1178647985\" class=\"col small-12 large-12\"  >\n\t\t\t\t<div class=\"col-inner\"  >\n\t\t\t\n\t\t\t\n\t<div class=\"img has-hover x md-x lg-x y md-y lg-y\" id=\"image_461942406\">\n\t\t\t\t\t\t\t\t<div class=\"img-inner dark\" >\n\t\t\t<img decoding=\"async\" width=\"2000\" height=\"1331\" src=\"https:\/\/www.atelierlune.it\/wp-content\/uploads\/2020\/12\/Detail_working_DSC2205.jpg\" class=\"attachment-original size-original\" alt=\"\" srcset=\"https:\/\/www.atelierlune.it\/wp-content\/uploads\/2020\/12\/Detail_working_DSC2205.jpg 2000w, https:\/\/www.atelierlune.it\/wp-content\/uploads\/2020\/12\/Detail_working_DSC2205-510x339.jpg 510w, https:\/\/www.atelierlune.it\/wp-content\/uploads\/2020\/12\/Detail_working_DSC2205-300x200.jpg 300w, https:\/\/www.atelierlune.it\/wp-content\/uploads\/2020\/12\/Detail_working_DSC2205-1024x681.jpg 1024w, https:\/\/www.atelierlune.it\/wp-content\/uploads\/2020\/12\/Detail_working_DSC2205-768x511.jpg 768w, https:\/\/www.atelierlune.it\/wp-content\/uploads\/2020\/12\/Detail_working_DSC2205-1536x1022.jpg 1536w\" sizes=\"(max-width: 2000px) 100vw, 2000px\" \/>\t\t\t\t\t\t\n\t\t\t\t\t<\/div>\n\t\t\t\t\t\t\t\t\n<style>\n#image_461942406 {\n  width: 100%;\n}\n<\/style>\n\t<\/div>\n\t\n\t\t<\/div>\n\t\t\t\t\n<style>\n#col-1178647985 > .col-inner {\n  margin: -20px 0px 0px -20px;\n}\n<\/style>\n\t<\/div>\n\n\t\n<\/div>\n\t\t<\/div>\n\t\t\t\t\n<style>\n#col-960118523 > .col-inner {\n  padding: 0px 20px 40px 0px;\n}\n<\/style>\n\t<\/div>\n\n\t\n\n\t<div id=\"col-601023120\" class=\"col medium-5 small-12 large-6\"  >\n\t\t\t\t<div class=\"col-inner text-center\"  >\n\t\t\t\n\t\t\t\n\t<div id=\"text-1616494278\" class=\"text\">\n\t\t\n<p><span style=\"font-size: 110%;\"><em>Es gef\u00e4llt mir, mich mit Dingen zu umgeben, die ich mit Sorgfalt aussuche und die mir ein Gef\u00fchl von Harmonie und Sch\u00f6nheit vermitteln.<\/em><\/span><br \/>\n\t\t\n<style>\n#text-1616494278 {\n  text-align: left;\n}\n<\/style>\n\t<\/div>\n\t\n\t\t<\/div>\n\t\t\t\t\n<style>\n#col-601023120 > .col-inner {\n  margin: 0px0 0px 40px 0px;\n}\n<\/style>\n\t<\/div>\n\n\t\n<\/div>\n<div class=\"row row-large align-middle align-center\"  id=\"row-355396196\">\n\n\t<div id=\"col-242258370\" class=\"col medium-5 small-12 large-6\"  >\n\t\t\t\t<div class=\"col-inner text-center\"  >\n\t\t\t\n\t\t\t\n\t<div id=\"text-4249735465\" class=\"text\">\n\t\t\n<p><span style=\"font-size: 110%;\"><em>Das ist meine Lebensphilosophie, die ich auch meinen Kindern mit auf den Weg geben m\u00f6chte: \u201eErkenne die Sch\u00f6nheit in den kleinen Dingen!<\/em><\/span><br \/>\n\t\t\n<style>\n#text-4249735465 {\n  text-align: right;\n}\n<\/style>\n\t<\/div>\n\t\n\t\t<\/div>\n\t\t\t\t\n<style>\n#col-242258370 > .col-inner {\n  margin: 0px 0px 40px 0px;\n}\n<\/style>\n\t<\/div>\n\n\t\n\n\t<div id=\"col-966550893\" class=\"col medium-5 small-10 large-6 small-col-first\"  >\n\t\t\t\t<div class=\"col-inner\" style=\"background-color:rgba(105, 32, 115, 0.78);\" >\n\t\t\t\n\t\t\t\n<div class=\"row row-collapse\"  id=\"row-999649802\">\n\n\t<div id=\"col-227697641\" class=\"col small-12 large-12\"  >\n\t\t\t\t<div class=\"col-inner\"  >\n\t\t\t\n\t\t\t\n\t<div class=\"img has-hover x md-x lg-x y md-y lg-y\" id=\"image_25526606\">\n\t\t\t\t\t\t\t\t<div class=\"img-inner dark\" >\n\t\t\t<img decoding=\"async\" width=\"1800\" height=\"1350\" src=\"https:\/\/www.atelierlune.it\/wp-content\/uploads\/2020\/12\/mi-ispira-natura-9165-1.jpg\" class=\"attachment-original size-original\" alt=\"\" srcset=\"https:\/\/www.atelierlune.it\/wp-content\/uploads\/2020\/12\/mi-ispira-natura-9165-1.jpg 1800w, https:\/\/www.atelierlune.it\/wp-content\/uploads\/2020\/12\/mi-ispira-natura-9165-1-510x383.jpg 510w, https:\/\/www.atelierlune.it\/wp-content\/uploads\/2020\/12\/mi-ispira-natura-9165-1-300x225.jpg 300w, https:\/\/www.atelierlune.it\/wp-content\/uploads\/2020\/12\/mi-ispira-natura-9165-1-1024x768.jpg 1024w, https:\/\/www.atelierlune.it\/wp-content\/uploads\/2020\/12\/mi-ispira-natura-9165-1-768x576.jpg 768w, https:\/\/www.atelierlune.it\/wp-content\/uploads\/2020\/12\/mi-ispira-natura-9165-1-1536x1152.jpg 1536w\" sizes=\"(max-width: 1800px) 100vw, 1800px\" \/>\t\t\t\t\t\t\n\t\t\t\t\t<\/div>\n\t\t\t\t\t\t\t\t\n<style>\n#image_25526606 {\n  width: 100%;\n}\n<\/style>\n\t<\/div>\n\t\n\t\t<\/div>\n\t\t\t\t\n<style>\n#col-227697641 > .col-inner {\n  margin: -20px 0px 0px 20px;\n}\n<\/style>\n\t<\/div>\n\n\t\n<\/div>\n\t\t<\/div>\n\t\t\t\t\n<style>\n#col-966550893 > .col-inner {\n  padding: 0px 0px 40px 20px;\n}\n<\/style>\n\t<\/div>\n\n\t\n<\/div>\n<div class=\"row row-large align-middle align-center\"  id=\"row-880846650\">\n\n\t<div id=\"col-1784253880\" class=\"col medium-5 small-10 large-6\"  >\n\t\t\t\t<div class=\"col-inner\" style=\"background-color:rgba(105, 32, 115, 0.89);\" >\n\t\t\t\n\t\t\t\n<div class=\"row row-collapse\"  id=\"row-1402408233\">\n\n\t<div id=\"col-2047044209\" class=\"col small-12 large-12\"  >\n\t\t\t\t<div class=\"col-inner\"  >\n\t\t\t\n\t\t\t\n\t<div class=\"img has-hover x md-x lg-x y md-y lg-y\" id=\"image_531681503\">\n\t\t\t\t\t\t\t\t<div class=\"img-inner dark\" >\n\t\t\t<img decoding=\"async\" width=\"1200\" height=\"800\" src=\"https:\/\/www.atelierlune.it\/wp-content\/uploads\/2020\/12\/paola-artista.jpg\" class=\"attachment-original size-original\" alt=\"\" srcset=\"https:\/\/www.atelierlune.it\/wp-content\/uploads\/2020\/12\/paola-artista.jpg 1200w, https:\/\/www.atelierlune.it\/wp-content\/uploads\/2020\/12\/paola-artista-510x340.jpg 510w, https:\/\/www.atelierlune.it\/wp-content\/uploads\/2020\/12\/paola-artista-300x200.jpg 300w, https:\/\/www.atelierlune.it\/wp-content\/uploads\/2020\/12\/paola-artista-1024x683.jpg 1024w, https:\/\/www.atelierlune.it\/wp-content\/uploads\/2020\/12\/paola-artista-768x512.jpg 768w\" sizes=\"(max-width: 1200px) 100vw, 1200px\" \/>\t\t\t\t\t\t\n\t\t\t\t\t<\/div>\n\t\t\t\t\t\t\t\t\n<style>\n#image_531681503 {\n  width: 100%;\n}\n<\/style>\n\t<\/div>\n\t\n\t\t<\/div>\n\t\t\t\t\n<style>\n#col-2047044209 > .col-inner {\n  margin: -20px 0px 0px -20px;\n}\n<\/style>\n\t<\/div>\n\n\t\n<\/div>\n\t\t<\/div>\n\t\t\t\t\n<style>\n#col-1784253880 > .col-inner {\n  padding: 0px 20px 40px 0px;\n}\n<\/style>\n\t<\/div>\n\n\t\n\n\t<div id=\"col-1257835956\" class=\"col medium-5 small-12 large-6\"  >\n\t\t\t\t<div class=\"col-inner text-center\"  >\n\t\t\t\n\t\t\t\n\t<div id=\"text-1826018197\" class=\"text\">\n\t\t\n<p><span style=\"font-size: 110%;\"><em>Ein kunsthandwerklicher Gegenstand bewahrt die Energie und weist die Handschrift der Peson auf, die ihn erschaffen hat.<\/em><\/span><br \/>\n\t\t\n<style>\n#text-1826018197 {\n  text-align: left;\n}\n<\/style>\n\t<\/div>\n\t\n\t\t<\/div>\n\t\t\t\t\n<style>\n#col-1257835956 > .col-inner {\n  margin: 0px0 0px 40px 0px;\n}\n<\/style>\n\t<\/div>\n\n\t\n<\/div>\n<div class=\"row row-large align-middle align-center\"  id=\"row-542885788\">\n\n\t<div id=\"col-1851028967\" class=\"col medium-5 small-12 large-6\"  >\n\t\t\t\t<div class=\"col-inner text-center\"  >\n\t\t\t\n\t\t\t\n\t<div id=\"text-686269470\" class=\"text\">\n\t\t\n<p><em><span style=\"font-size: 105%;\">Die Geschichte des Ateliers \u201cLune\u201d ist auf vielf\u00e4ltige Weise mit meinem famili\u00e4ren Leben verbunden. Denn meine Arbeit bezieht die Menschen um mich herum mit ein. Im Atelier bin ich gleichzeitig K\u00fcnstlerin und Handwerkerin, Frau und Mutter.<\/span><\/em><br \/>\n\t\t\n<style>\n#text-686269470 {\n  text-align: right;\n}\n<\/style>\n\t<\/div>\n\t\n\t\t<\/div>\n\t\t\t\t\n<style>\n#col-1851028967 > .col-inner {\n  margin: 0px 0px 40px 0px;\n}\n<\/style>\n\t<\/div>\n\n\t\n\n\t<div id=\"col-618657086\" class=\"col medium-5 small-10 large-6 small-col-first\"  >\n\t\t\t\t<div class=\"col-inner\" style=\"background-color:rgba(105, 32, 115, 0.78);\" >\n\t\t\t\n\t\t\t\n<div class=\"row row-collapse\"  id=\"row-624357641\">\n\n\t<div id=\"col-1287080069\" class=\"col small-12 large-12\"  >\n\t\t\t\t<div class=\"col-inner\"  >\n\t\t\t\n\t\t\t\n\t<div class=\"img has-hover x md-x lg-x y md-y lg-y\" id=\"image_1400661763\">\n\t\t\t\t\t\t\t\t<div class=\"img-inner dark\" >\n\t\t\t<img decoding=\"async\" width=\"1846\" height=\"1407\" src=\"https:\/\/www.atelierlune.it\/wp-content\/uploads\/2020\/12\/LorenzoPaola-allunaggio-1.jpg\" class=\"attachment-original size-original\" alt=\"\" srcset=\"https:\/\/www.atelierlune.it\/wp-content\/uploads\/2020\/12\/LorenzoPaola-allunaggio-1.jpg 1846w, https:\/\/www.atelierlune.it\/wp-content\/uploads\/2020\/12\/LorenzoPaola-allunaggio-1-510x389.jpg 510w, https:\/\/www.atelierlune.it\/wp-content\/uploads\/2020\/12\/LorenzoPaola-allunaggio-1-300x229.jpg 300w, https:\/\/www.atelierlune.it\/wp-content\/uploads\/2020\/12\/LorenzoPaola-allunaggio-1-1024x780.jpg 1024w, https:\/\/www.atelierlune.it\/wp-content\/uploads\/2020\/12\/LorenzoPaola-allunaggio-1-768x585.jpg 768w, https:\/\/www.atelierlune.it\/wp-content\/uploads\/2020\/12\/LorenzoPaola-allunaggio-1-1536x1171.jpg 1536w\" sizes=\"(max-width: 1846px) 100vw, 1846px\" \/>\t\t\t\t\t\t\n\t\t\t\t\t<\/div>\n\t\t\t\t\t\t\t\t\n<style>\n#image_1400661763 {\n  width: 100%;\n}\n<\/style>\n\t<\/div>\n\t\n\t\t<\/div>\n\t\t\t\t\n<style>\n#col-1287080069 > .col-inner {\n  margin: -20px 0px 0px 20px;\n}\n<\/style>\n\t<\/div>\n\n\t\n<\/div>\n\t\t<\/div>\n\t\t\t\t\n<style>\n#col-618657086 > .col-inner {\n  padding: 0px 0px 40px 20px;\n}\n<\/style>\n\t<\/div>\n\n\t\n<\/div>\n\t\t<\/div>\n\n\t\t\n<style>\n#section_330026727 {\n  padding-top: 60px;\n  padding-bottom: 60px;\n}\n#section_330026727 .ux-shape-divider--top svg {\n  height: 150px;\n  --divider-top-width: 100%;\n}\n#section_330026727 .ux-shape-divider--bottom svg {\n  height: 150px;\n  --divider-width: 100%;\n}\n<\/style>\n\t<\/section>\n\t\n","protected":false},"excerpt":{"rendered":"","protected":false},"author":2,"featured_media":0,"parent":0,"menu_order":0,"comment_status":"closed","ping_status":"closed","template":"","meta":{"om_disable_all_campaigns":false,"_monsterinsights_skip_tracking":false,"_monsterinsights_sitenote_active":false,"_monsterinsights_sitenote_note":"","_monsterinsights_sitenote_category":0,"footnotes":""},"class_list":["post-1803","page","type-page","status-publish","hentry"],"aioseo_notices":[],"_links":{"self":[{"href":"https:\/\/www.atelierlune.it\/de\/wp-json\/wp\/v2\/pages\/1803","targetHints":{"allow":["GET"]}}],"collection":[{"href":"https:\/\/www.atelierlune.it\/de\/wp-json\/wp\/v2\/pages"}],"about":[{"href":"https:\/\/www.atelierlune.it\/de\/wp-json\/wp\/v2\/types\/page"}],"author":[{"embeddable":true,"href":"https:\/\/www.atelierlune.it\/de\/wp-json\/wp\/v2\/users\/2"}],"replies":[{"embeddable":true,"href":"https:\/\/www.atelierlune.it\/de\/wp-json\/wp\/v2\/comments?post=1803"}],"version-history":[{"count":2,"href":"https:\/\/www.atelierlune.it\/de\/wp-json\/wp\/v2\/pages\/1803\/revisions"}],"predecessor-version":[{"id":1805,"href":"https:\/\/www.atelierlune.it\/de\/wp-json\/wp\/v2\/pages\/1803\/revisions\/1805"}],"wp:attachment":[{"href":"https:\/\/www.atelierlune.it\/de\/wp-json\/wp\/v2\/media?parent=1803"}],"curies":[{"name":"wp","href":"https:\/\/api.w.org\/{rel}","templated":true}]}}